{"id":6767,"date":"2025-12-05T09:15:13","date_gmt":"2025-12-05T09:15:13","guid":{"rendered":"https:\/\/www.cannaeuforia.com\/index.php\/producto\/moon-rock-70-cbd-2-g\/"},"modified":"2026-01-07T12:36:26","modified_gmt":"2026-01-07T12:36:26","slug":"moon-rock-70-cbd-2-g","status":"publish","type":"product","link":"https:\/\/www.cannaeuforia.com\/index.php\/producto\/moon-rock-70-cbd-2-g\/","title":{"rendered":"Euphoria Moon Rock 70% CBD 2 g"},"content":{"rendered":"<p>MOON ROCKY EUPHORIA premium est\u00e1 elaborado \u00fanicamente con las mejores flores maduras de CBD. Adem\u00e1s del extracto de espectro completo, las barritas se recubrieron con extracto de CBD en forma de aceite y se espolvore\u00f3 con resina arom\u00e1tica de CBD (kief), por lo que este producto contiene un 70 % de CBD o cannabidiol puro.<\/p>\n","protected":false},"excerpt":{"rendered":"<p>MOON ROCKY EUPHORIA premium est\u00e1 elaborado \u00fanicamente con las mejores flores maduras de CBD. Adem\u00e1s del extracto de espectro completo, las barritas se recubrieron con extracto de CBD en forma de aceite y se espolvore\u00f3 con resina arom\u00e1tica de CBD (kief), por lo que este producto contiene un 70 % de CBD o cannabidiol puro.<\/p>\n","protected":false},"featured_media":9566,"comment_status":"open","ping_status":"closed","template":"","meta":[],"etheme_brands":[{"term_id":243,"name":"Euphoria","slug":"euphoria","term_group":0,"term_taxonomy_id":243,"taxonomy":"brand","description":"","parent":0,"count":161,"filter":"raw"}],"product_brand":[91],"product_cat":[35,69],"product_tag":[],"class_list":{"0":"post-6767","1":"product","2":"type-product","3":"status-publish","4":"has-post-thumbnail","6":"brand-euphoria","7":"product_brand-euphoria","8":"product_cat-flores-extraccciones","9":"product_cat-cbd","11":"first","12":"instock","13":"shipping-taxable","14":"product-type-simple"},"_links":{"self":[{"href":"https:\/\/www.cannaeuforia.com\/index.php\/wp-json\/wp\/v2\/product\/6767","targetHints":{"allow":["GET"]}}],"collection":[{"href":"https:\/\/www.cannaeuforia.com\/index.php\/wp-json\/wp\/v2\/product"}],"about":[{"href":"https:\/\/www.cannaeuforia.com\/index.php\/wp-json\/wp\/v2\/types\/product"}],"replies":[{"embeddable":true,"href":"https:\/\/www.cannaeuforia.com\/index.php\/wp-json\/wp\/v2\/comments?post=6767"}],"version-history":[{"count":3,"href":"https:\/\/www.cannaeuforia.com\/index.php\/wp-json\/wp\/v2\/product\/6767\/revisions"}],"predecessor-version":[{"id":9567,"href":"https:\/\/www.cannaeuforia.com\/index.php\/wp-json\/wp\/v2\/product\/6767\/revisions\/9567"}],"wp:featuredmedia":[{"embeddable":true,"href":"https:\/\/www.cannaeuforia.com\/index.php\/wp-json\/wp\/v2\/media\/9566"}],"wp:attachment":[{"href":"https:\/\/www.cannaeuforia.com\/index.php\/wp-json\/wp\/v2\/media?parent=6767"}],"wp:term":[{"taxonomy":"brand","embeddable":true,"href":"https:\/\/www.cannaeuforia.com\/index.php\/wp-json\/wp\/v2\/etheme_brands?post=6767"},{"taxonomy":"product_brand","embeddable":true,"href":"https:\/\/www.cannaeuforia.com\/index.php\/wp-json\/wp\/v2\/product_brand?post=6767"},{"taxonomy":"product_cat","embeddable":true,"href":"https:\/\/www.cannaeuforia.com\/index.php\/wp-json\/wp\/v2\/product_cat?post=6767"},{"taxonomy":"product_tag","embeddable":true,"href":"https:\/\/www.cannaeuforia.com\/index.php\/wp-json\/wp\/v2\/product_tag?post=6767"}],"curies":[{"name":"wp","href":"https:\/\/api.w.org\/{rel}","templated":true}]}}