{"id":9619,"date":"2026-01-09T12:07:15","date_gmt":"2026-01-09T12:07:15","guid":{"rendered":"https:\/\/www.cannaeuforia.com\/?post_type=product&#038;p=9619"},"modified":"2026-01-09T12:08:47","modified_gmt":"2026-01-09T12:08:47","slug":"euphoria-cbd-weed-euphoria-citrico-07-g","status":"publish","type":"product","link":"https:\/\/www.cannaeuforia.com\/index.php\/producto\/euphoria-cbd-weed-euphoria-citrico-07-g\/","title":{"rendered":"Euphoria CBD Weed Euphoria C\u00edtrico 0,7 g"},"content":{"rendered":"<p>Las flores de CBD de espectro completo EUPHORIA son extremadamente compactas, duras y est\u00e1n llenas de terpenos naturales. Sus aromas son muy intensos, complejos y caracter\u00edsticos. En resumen, tienen todas las fortalezas de las mejores variedades y gen\u00e9ticas de cannabis.<\/p>\n","protected":false},"excerpt":{"rendered":"<p>Las flores de CBD de espectro completo EUPHORIA son extremadamente compactas, duras y est\u00e1n llenas de terpenos&#8230;<\/p>\n","protected":false},"featured_media":9620,"comment_status":"open","ping_status":"closed","template":"","meta":[],"etheme_brands":[{"term_id":243,"name":"Euphoria","slug":"euphoria","term_group":0,"term_taxonomy_id":243,"taxonomy":"brand","description":"","parent":0,"count":161,"filter":"raw"}],"product_brand":[91],"product_cat":[35,69],"product_tag":[],"class_list":{"0":"post-9619","1":"product","2":"type-product","3":"status-publish","4":"has-post-thumbnail","6":"brand-euphoria","7":"product_brand-euphoria","8":"product_cat-flores-extraccciones","9":"product_cat-cbd","11":"first","12":"instock","13":"shipping-taxable","14":"product-type-simple"},"_links":{"self":[{"href":"https:\/\/www.cannaeuforia.com\/index.php\/wp-json\/wp\/v2\/product\/9619","targetHints":{"allow":["GET"]}}],"collection":[{"href":"https:\/\/www.cannaeuforia.com\/index.php\/wp-json\/wp\/v2\/product"}],"about":[{"href":"https:\/\/www.cannaeuforia.com\/index.php\/wp-json\/wp\/v2\/types\/product"}],"replies":[{"embeddable":true,"href":"https:\/\/www.cannaeuforia.com\/index.php\/wp-json\/wp\/v2\/comments?post=9619"}],"version-history":[{"count":1,"href":"https:\/\/www.cannaeuforia.com\/index.php\/wp-json\/wp\/v2\/product\/9619\/revisions"}],"predecessor-version":[{"id":9621,"href":"https:\/\/www.cannaeuforia.com\/index.php\/wp-json\/wp\/v2\/product\/9619\/revisions\/9621"}],"wp:featuredmedia":[{"embeddable":true,"href":"https:\/\/www.cannaeuforia.com\/index.php\/wp-json\/wp\/v2\/media\/9620"}],"wp:attachment":[{"href":"https:\/\/www.cannaeuforia.com\/index.php\/wp-json\/wp\/v2\/media?parent=9619"}],"wp:term":[{"taxonomy":"brand","embeddable":true,"href":"https:\/\/www.cannaeuforia.com\/index.php\/wp-json\/wp\/v2\/etheme_brands?post=9619"},{"taxonomy":"product_brand","embeddable":true,"href":"https:\/\/www.cannaeuforia.com\/index.php\/wp-json\/wp\/v2\/product_brand?post=9619"},{"taxonomy":"product_cat","embeddable":true,"href":"https:\/\/www.cannaeuforia.com\/index.php\/wp-json\/wp\/v2\/product_cat?post=9619"},{"taxonomy":"product_tag","embeddable":true,"href":"https:\/\/www.cannaeuforia.com\/index.php\/wp-json\/wp\/v2\/product_tag?post=9619"}],"curies":[{"name":"wp","href":"https:\/\/api.w.org\/{rel}","templated":true}]}}